{"id":1291,"date":"2022-05-04T15:52:54","date_gmt":"2022-05-04T20:52:54","guid":{"rendered":"https:\/\/www.velarde.com\/site\/?page_id=1291"},"modified":"2026-03-14T12:09:20","modified_gmt":"2026-03-14T18:09:20","slug":"about","status":"publish","type":"page","link":"https:\/\/www.velarde.com\/en\/about\/","title":{"rendered":"About me"},"content":{"rendered":"<p>[et_pb_section fb_built=&#8221;1&#8243; custom_padding_last_edited=&#8221;off|desktop&#8221; admin_label=&#8221;T\u00edtulo de la P\u00e1gina&#8221; _builder_version=&#8221;4.17.3&#8243; _module_preset=&#8221;default&#8221; background_enable_color=&#8221;off&#8221; background_image=&#8221;https:\/\/www.velarde.com\/site\/wp-content\/uploads\/virtual-back-home.jpg&#8221; module_alignment=&#8221;left&#8221; custom_margin=&#8221;0px||0px||false|false&#8221; custom_padding=&#8221;0px||0px||true|false&#8221; custom_padding_tablet=&#8221;35px||||false|false&#8221; custom_padding_phone=&#8221;15px||||false|false&#8221; global_colors_info=&#8221;{}&#8221;][et_pb_row _builder_version=&#8221;4.17.3&#8243; _module_preset=&#8221;default&#8221; custom_margin=&#8221;0px||0px||true|false&#8221; custom_padding=&#8221;0px||0px||true|false&#8221; global_colors_info=&#8221;{}&#8221;][et_pb_column type=&#8221;4_4&#8243; _builder_version=&#8221;4.17.3&#8243; _module_preset=&#8221;default&#8221; global_colors_info=&#8221;{}&#8221;][et_pb_text admin_label=&#8221;T\u00edtulo&#8221; _builder_version=&#8221;4.17.4&#8243; _module_preset=&#8221;default&#8221; header_text_align=&#8221;left&#8221; header_font_size=&#8221;28px&#8221; header_2_text_align=&#8221;left&#8221; text_orientation=&#8221;left&#8221; custom_margin=&#8221;0px||0px||false|false&#8221; custom_padding=&#8221;40px||30px||false|false&#8221; custom_padding_tablet=&#8221;30px||30px||true|false&#8221; custom_padding_phone=&#8221;30px||15px||false|false&#8221; custom_padding_last_edited=&#8221;on|phone&#8221; header_font_size_tablet=&#8221;30px&#8221; header_font_size_phone=&#8221;22px&#8221; header_font_size_last_edited=&#8221;on|desktop&#8221; global_colors_info=&#8221;{}&#8221;]<\/p>\n<h1>ABOUT ME<\/h1>\n<p>[\/et_pb_text][\/et_pb_column][\/et_pb_row][\/et_pb_section][et_pb_section fb_built=&#8221;1&#8243; custom_padding_last_edited=&#8221;on|desktop&#8221; admin_label=&#8221;Informaci\u00f3n P\u00e1gina&#8221; _builder_version=&#8221;4.17.3&#8243; _module_preset=&#8221;default&#8221; background_enable_color=&#8221;off&#8221; module_alignment=&#8221;left&#8221; custom_margin=&#8221;0px||||false|false&#8221; custom_padding=&#8221;35px||||false|false&#8221; custom_padding_tablet=&#8221;35px||||false|false&#8221; custom_padding_phone=&#8221;15px||||false|false&#8221; global_colors_info=&#8221;{}&#8221;][et_pb_row _builder_version=&#8221;4.17.3&#8243; _module_preset=&#8221;default&#8221; global_colors_info=&#8221;{}&#8221;][et_pb_column type=&#8221;4_4&#8243; _builder_version=&#8221;4.17.3&#8243; _module_preset=&#8221;default&#8221; global_colors_info=&#8221;{}&#8221;][et_pb_text admin_label=&#8221;Texto &#8211; Acerca del Estudio&#8221; _builder_version=&#8221;4.27.5&#8243; _module_preset=&#8221;default&#8221; header_2_text_align=&#8221;left&#8221; text_orientation=&#8221;left&#8221; global_colors_info=&#8221;{}&#8221;]<\/p>\n<h2>COLLABORATING REMOTELY<\/h2>\n<p>I&#8217;m a Web &amp; Branding Designer located in Monterrey, M\u00e9xico. I help businesses &amp; remote marketing teams with all their digital design needs. I like to build long lasting relationships with my customers so they can think of me as part of their team.\u00a0<\/p>\n<p>My broad range of skills helps me bring a complete solution to every project: Branding, Website Design and UI\/UX. I keep in touch with current design trends and use modern digital tools so you can be sure I will be offering you an innovative and reliable solution. You can view here a sample of my <a href=\"https:\/\/www.velarde.com\/en\/\">Work Portfolio<\/a>.<\/p>\n<p>[\/et_pb_text][\/et_pb_column][\/et_pb_row][et_pb_row column_structure=&#8221;1_6,1_6,1_6,1_6,1_6,1_6&#8243; use_custom_gutter=&#8221;on&#8221; gutter_width=&#8221;2&#8243; admin_label=&#8221;Logotipos&#8221; _builder_version=&#8221;4.17.3&#8243; _module_preset=&#8221;default&#8221; animation_style=&#8221;fade&#8221; global_colors_info=&#8221;{}&#8221;][et_pb_column type=&#8221;1_6&#8243; _builder_version=&#8221;4.17.3&#8243; _module_preset=&#8221;default&#8221; global_colors_info=&#8221;{}&#8221;][et_pb_image src=&#8221;https:\/\/www.velarde.com\/site\/wp-content\/uploads\/wordpress.png&#8221; title_text=&#8221;WordPress&#8221; align=&#8221;center&#8221; admin_label=&#8221;WordPress&#8221; _builder_version=&#8221;4.17.3&#8243; _module_preset=&#8221;default&#8221; global_colors_info=&#8221;{}&#8221;][\/et_pb_image][\/et_pb_column][et_pb_column type=&#8221;1_6&#8243; _builder_version=&#8221;4.17.3&#8243; _module_preset=&#8221;default&#8221; global_colors_info=&#8221;{}&#8221;][et_pb_image src=&#8221;https:\/\/www.velarde.com\/site\/wp-content\/uploads\/fimga-logo.png&#8221; alt=&#8221;Figma&#8221; title_text=&#8221;Figma&#8221; align=&#8221;center&#8221; admin_label=&#8221;Figma&#8221; _builder_version=&#8221;4.27.5&#8243; _module_preset=&#8221;default&#8221; global_colors_info=&#8221;{}&#8221;][\/et_pb_image][\/et_pb_column][et_pb_column type=&#8221;1_6&#8243; _builder_version=&#8221;4.17.3&#8243; _module_preset=&#8221;default&#8221; global_colors_info=&#8221;{}&#8221;][et_pb_image src=&#8221;https:\/\/www.velarde.com\/site\/wp-content\/uploads\/shopify.png&#8221; title_text=&#8221;Shopify partners&#8221; align=&#8221;center&#8221; admin_label=&#8221;Shopify&#8221; _builder_version=&#8221;4.17.3&#8243; _module_preset=&#8221;default&#8221; global_colors_info=&#8221;{}&#8221;][\/et_pb_image][\/et_pb_column][et_pb_column type=&#8221;1_6&#8243; _builder_version=&#8221;4.17.3&#8243; _module_preset=&#8221;default&#8221; global_colors_info=&#8221;{}&#8221;][et_pb_image src=&#8221;https:\/\/www.velarde.com\/site\/wp-content\/uploads\/google-logo.png&#8221; alt=&#8221;Google&#8221; title_text=&#8221;Google&#8221; align=&#8221;center&#8221; admin_label=&#8221;Google&#8221; _builder_version=&#8221;4.27.5&#8243; _module_preset=&#8221;default&#8221; global_colors_info=&#8221;{}&#8221;][\/et_pb_image][\/et_pb_column][et_pb_column type=&#8221;1_6&#8243; _builder_version=&#8221;4.17.3&#8243; _module_preset=&#8221;default&#8221; global_colors_info=&#8221;{}&#8221;][et_pb_image src=&#8221;https:\/\/www.velarde.com\/site\/wp-content\/uploads\/mailchimp.png&#8221; alt=&#8221;Figma&#8221; title_text=&#8221;MailChimp&#8221; align=&#8221;center&#8221; admin_label=&#8221;MailChimp&#8221; _builder_version=&#8221;4.27.5&#8243; _module_preset=&#8221;default&#8221; global_colors_info=&#8221;{}&#8221;][\/et_pb_image][\/et_pb_column][et_pb_column type=&#8221;1_6&#8243; _builder_version=&#8221;4.17.3&#8243; _module_preset=&#8221;default&#8221; global_colors_info=&#8221;{}&#8221;][et_pb_image src=&#8221;https:\/\/www.velarde.com\/site\/wp-content\/uploads\/blender.png&#8221; title_text=&#8221;blender&#8221; align=&#8221;center&#8221; admin_label=&#8221;blender&#8221; _builder_version=&#8221;4.27.3&#8243; _module_preset=&#8221;default&#8221; global_colors_info=&#8221;{}&#8221;][\/et_pb_image][\/et_pb_column][\/et_pb_row][et_pb_row _builder_version=&#8221;4.17.3&#8243; _module_preset=&#8221;default&#8221; width_tablet=&#8221;90%&#8221; width_phone=&#8221;80%&#8221; width_last_edited=&#8221;on|desktop&#8221; animation_style=&#8221;fade&#8221; global_colors_info=&#8221;{}&#8221;][et_pb_column type=&#8221;4_4&#8243; _builder_version=&#8221;4.17.3&#8243; _module_preset=&#8221;default&#8221; global_colors_info=&#8221;{}&#8221;][et_pb_divider color=&#8221;gcid-c10028c7-2ac8-4efd-a11f-8302541aa9b2&#8243; divider_weight=&#8221;2px&#8221; _builder_version=&#8221;4.17.3&#8243; _module_preset=&#8221;default&#8221; width_tablet=&#8221;80%&#8221; width_phone=&#8221;80%&#8221; width_last_edited=&#8221;off|desktop&#8221; module_alignment=&#8221;center&#8221; global_colors_info=&#8221;{%22gcid-c10028c7-2ac8-4efd-a11f-8302541aa9b2%22:%91%22color%22%93}&#8221;][\/et_pb_divider][\/et_pb_column][\/et_pb_row][et_pb_row column_structure=&#8221;3_4,1_4&#8243; _builder_version=&#8221;4.17.3&#8243; _module_preset=&#8221;default&#8221; width_tablet=&#8221;90%&#8221; width_phone=&#8221;80%&#8221; width_last_edited=&#8221;on|desktop&#8221; custom_margin=&#8221;||0px||false|false&#8221; custom_padding=&#8221;||0px||false|false&#8221; animation_style=&#8221;fade&#8221; global_colors_info=&#8221;{}&#8221;][et_pb_column type=&#8221;3_4&#8243; _builder_version=&#8221;4.17.3&#8243; _module_preset=&#8221;default&#8221; global_colors_info=&#8221;{}&#8221;][et_pb_text admin_label=&#8221;Texto &#8211; Acerca de F. Velarde&#8221; _builder_version=&#8221;4.27.5&#8243; _module_preset=&#8221;default&#8221; header_2_text_align=&#8221;left&#8221; text_orientation=&#8221;left&#8221; custom_margin=&#8221;0px||0px||false|false&#8221; custom_padding=&#8221;0px||0px||false|false&#8221; global_colors_info=&#8221;{}&#8221;]<\/p>\n<h2>ABOUT FERNANDO VELARDE<\/h2>\n<p>I have more than fifteen years of experience working in digital media: Including web design, user interface &amp; SEO. I started my career in a local Monterrey studio where I worked with clients such as: FEMSA, Cervecer\u00eda Cuauht\u00e9moc Moctezuma (now part of the Heineken Group) &amp; Xignux.<\/p>\n<p>I later joined the international design firm Danilo Black in 1999 where I worked for five years as an information architect and senior web designer. I helped lead projects for a broad range of clients such as: Grupo Financiero Banorte, Univision &amp; Grupo Televisa (among others).<\/p>\n<p>You can view more information about me in my <a href=\"http:\/\/linkedin.com\/in\/velarde\" target=\"_blank\" rel=\"noopener noreferrer\">LinkedIn Profile<\/a>. I currently live in San Pedro Garza Garc\u00eda with my family where I enjoy photography and hiking.<\/p>\n<p>[\/et_pb_text][\/et_pb_column][et_pb_column type=&#8221;1_4&#8243; _builder_version=&#8221;4.17.3&#8243; _module_preset=&#8221;default&#8221; global_colors_info=&#8221;{}&#8221;][et_pb_image src=&#8221;https:\/\/www.velarde.com\/site\/wp-content\/uploads\/fernando-velarde.jpg&#8221; alt=&#8221;Fernando Velarde&#8221; title_text=&#8221;Fernando Velarde&#8221; admin_label=&#8221;Foto &#8211; Fernando Velarde&#8221; _builder_version=&#8221;4.17.3&#8243; _module_preset=&#8221;default&#8221; max_width_tablet=&#8221;85%&#8221; max_width_phone=&#8221;70%&#8221; max_width_last_edited=&#8221;on|tablet&#8221; module_alignment=&#8221;left&#8221; animation_style=&#8221;fade&#8221; module_alignment_tablet=&#8221;left&#8221; module_alignment_phone=&#8221;center&#8221; module_alignment_last_edited=&#8221;on|desktop&#8221; border_radii=&#8221;on|4px|4px|4px|4px&#8221; global_colors_info=&#8221;{}&#8221;][\/et_pb_image][\/et_pb_column][\/et_pb_row][\/et_pb_section]<\/p>\n","protected":false},"excerpt":{"rendered":"<p>ABOUT MECOLLABORATING REMOTELY I&#8217;m a Web &amp; Branding Designer located in Monterrey, M\u00e9xico. I help businesses &amp; remote marketing teams with all their digital design needs. I like to build long lasting relationships with my customers so they can think of me as part of their team.\u00a0 My broad range of skills helps me bring [&hellip;]<\/p>\n","protected":false},"author":1,"featured_media":0,"parent":0,"menu_order":0,"comment_status":"closed","ping_status":"closed","template":"","meta":{"_et_pb_use_builder":"on","_et_pb_old_content":"<p>[et_pb_section fb_built=\"1\" custom_padding_last_edited=\"off|desktop\" admin_label=\"T\u00edtulo de la P\u00e1gina\" _builder_version=\"4.17.3\" _module_preset=\"default\" background_enable_color=\"off\" background_image=\"https:\/\/www.velarde.com\/site\/wp-content\/uploads\/virtual-back-home.jpg\" module_alignment=\"left\" custom_margin=\"0px||0px||false|false\" custom_padding=\"0px||0px||true|false\" custom_padding_tablet=\"35px||||false|false\" custom_padding_phone=\"15px||||false|false\" global_colors_info=\"{}\"][et_pb_row _builder_version=\"4.17.3\" _module_preset=\"default\" custom_margin=\"0px||0px||true|false\" custom_padding=\"0px||0px||true|false\" global_colors_info=\"{}\"][et_pb_column type=\"4_4\" _builder_version=\"4.17.3\" _module_preset=\"default\" global_colors_info=\"{}\"][et_pb_text admin_label=\"T\u00edtulo\" _builder_version=\"4.17.3\" _module_preset=\"default\" header_text_align=\"left\" header_font_size=\"28px\" header_2_text_align=\"left\" text_orientation=\"left\" custom_margin=\"0px||0px||false|false\" custom_padding=\"40px||30px||false|false\" custom_padding_tablet=\"30px||30px||true|false\" custom_padding_phone=\"30px||15px||false|false\" custom_padding_last_edited=\"on|phone\" header_font_size_tablet=\"30px\" header_font_size_phone=\"22px\" header_font_size_last_edited=\"on|desktop\" global_colors_info=\"{}\"]<\/p><h1>ACERCA DE NOSOTROS<\/h1><p>[\/et_pb_text][\/et_pb_column][\/et_pb_row][\/et_pb_section][et_pb_section fb_built=\"1\" custom_padding_last_edited=\"on|desktop\" admin_label=\"Informaci\u00f3n P\u00e1gina\" _builder_version=\"4.17.3\" _module_preset=\"default\" background_enable_color=\"off\" module_alignment=\"left\" custom_margin=\"0px||||false|false\" custom_padding=\"35px||||false|false\" custom_padding_tablet=\"35px||||false|false\" custom_padding_phone=\"15px||||false|false\" global_colors_info=\"{}\"][et_pb_row _builder_version=\"4.17.3\" _module_preset=\"default\" global_colors_info=\"{}\"][et_pb_column type=\"4_4\" _builder_version=\"4.17.3\" _module_preset=\"default\" global_colors_info=\"{}\"][et_pb_text admin_label=\"Texto - Acerca del Estudio\" _builder_version=\"4.17.3\" _module_preset=\"default\" header_2_text_align=\"left\" text_orientation=\"left\" global_colors_info=\"{}\"]<\/p><h2>ACERCA DEL ESTUDIO<\/h2><p>Somos una agencia de Dise\u00f1o Gr\u00e1fico ubicada en el \u00c1rea Metropolitana de Monterrey, NL (San Pedro Garza Garc\u00eda) que ayuda a Peque\u00f1as y Medianas Empresas (PYMEs) con todas sus necesidades digitales. Nos gusta crear relaciones a largo plazo con nuestros clientes y convertirnos en parte de su equipo de trabajo. Guiamos a los due\u00f1os de las empresas para que no se sientan abrumados por la tecnolog\u00eda y los ayudamos a obtener mas clientes en l\u00ednea.<\/p><p>Nuestras diversas capacidades nos ayudan a darle una soluci\u00f3n completa a su proyecto: Dise\u00f1o de P\u00e1ginas Web, Optimizaci\u00f3n en buscadores (SEO), Publicidad Digital, \u00a0Integraci\u00f3n con Redes Sociales y Dise\u00f1o de Marca (Branding). Nos mantenemos actualizados en las herramientas digitales m\u00e1s convenientes para ofrecerle una soluci\u00f3n confiable e innovadora.<\/p><p>[\/et_pb_text][\/et_pb_column][\/et_pb_row][et_pb_row column_structure=\"1_4,1_4,1_4,1_4\" use_custom_gutter=\"on\" gutter_width=\"2\" admin_label=\"Logotipos\" _builder_version=\"4.17.3\" _module_preset=\"default\" animation_style=\"fade\" global_colors_info=\"{}\"][et_pb_column type=\"1_4\" _builder_version=\"4.17.3\" _module_preset=\"default\" global_colors_info=\"{}\"][et_pb_image src=\"https:\/\/www.velarde.com\/site\/wp-content\/uploads\/google-ads.png\" title_text=\"Google Ads\" align=\"center\" admin_label=\"Google Ads\" _builder_version=\"4.17.3\" _module_preset=\"default\" global_colors_info=\"{}\"][\/et_pb_image][\/et_pb_column][et_pb_column type=\"1_4\" _builder_version=\"4.17.3\" _module_preset=\"default\" global_colors_info=\"{}\"][et_pb_image src=\"https:\/\/www.velarde.com\/site\/wp-content\/uploads\/wordpress.png\" title_text=\"WordPress\" align=\"center\" admin_label=\"WordPress\" _builder_version=\"4.17.3\" _module_preset=\"default\" global_colors_info=\"{}\"][\/et_pb_image][\/et_pb_column][et_pb_column type=\"1_4\" _builder_version=\"4.17.3\" _module_preset=\"default\" global_colors_info=\"{}\"][et_pb_image src=\"https:\/\/www.velarde.com\/site\/wp-content\/uploads\/mailchimp.png\" title_text=\"MailChimp\" align=\"center\" admin_label=\"MailChimp\" _builder_version=\"4.17.3\" _module_preset=\"default\" global_colors_info=\"{}\"][\/et_pb_image][\/et_pb_column][et_pb_column type=\"1_4\" _builder_version=\"4.17.3\" _module_preset=\"default\" global_colors_info=\"{}\"][et_pb_image src=\"https:\/\/www.velarde.com\/site\/wp-content\/uploads\/shopify.png\" title_text=\"Shopify partners\" align=\"center\" admin_label=\"Shopify\" _builder_version=\"4.17.3\" _module_preset=\"default\" global_colors_info=\"{}\"][\/et_pb_image][\/et_pb_column][\/et_pb_row][et_pb_row _builder_version=\"4.17.3\" _module_preset=\"default\" width_tablet=\"90%\" width_phone=\"80%\" width_last_edited=\"on|desktop\" animation_style=\"fade\" global_colors_info=\"{}\"][et_pb_column type=\"4_4\" _builder_version=\"4.17.3\" _module_preset=\"default\" global_colors_info=\"{}\"][et_pb_divider color=\"gcid-c10028c7-2ac8-4efd-a11f-8302541aa9b2\" divider_weight=\"2px\" _builder_version=\"4.17.3\" _module_preset=\"default\" width_tablet=\"80%\" width_phone=\"80%\" width_last_edited=\"off|desktop\" module_alignment=\"center\" global_colors_info=\"{%22gcid-c10028c7-2ac8-4efd-a11f-8302541aa9b2%22:%91%22color%22%93}\"][\/et_pb_divider][\/et_pb_column][\/et_pb_row][et_pb_row column_structure=\"3_4,1_4\" _builder_version=\"4.17.3\" _module_preset=\"default\" width_tablet=\"90%\" width_phone=\"80%\" width_last_edited=\"on|desktop\" custom_margin=\"||0px||false|false\" custom_padding=\"||0px||false|false\" animation_style=\"fade\" global_colors_info=\"{}\"][et_pb_column type=\"3_4\" _builder_version=\"4.17.3\" _module_preset=\"default\" global_colors_info=\"{}\"][et_pb_text admin_label=\"Texto - Acerca de F. Velarde\" _builder_version=\"4.17.3\" _module_preset=\"default\" header_2_text_align=\"left\" text_orientation=\"left\" custom_margin=\"0px||0px||false|false\" custom_padding=\"0px||0px||false|false\" global_colors_info=\"{}\"]<\/p><h2>ACERCA DE FERNANDO VELARDE<\/h2><p>Fernando cuenta con m\u00e1s de quince a\u00f1os de experiencia en medios digitales, incluyendo: Dise\u00f1o web, experiencia del usuario y SEO. Comenz\u00f3 su carrera en una empresa local donde trabaj\u00f3 con diversos clientes entre otros: FEMSA, Cervecer\u00eda Cuauht\u00e9moc Moctezuma (ahora parte del Grupo Heineken) y Grupo Xignux.<\/p><p>M\u00e1s tarde se integr\u00f3 a la firma internacional de dise\u00f1o Danilo Black en 1999 donde trabaj\u00f3 por 5 a\u00f1os en Arquitectura de Informaci\u00f3n y Dise\u00f1o Web. Colabor\u00f3 y lidere\u00f3 una amplia gama de proyectos entre los que se encuentran: Grupo Financiero Banorte, Univisi\u00f3n y Grupo Televisa.<\/p><p>Puede ver mayor informaci\u00f3n sobre el en su <a href=\"https:\/\/www.linkedin.com\/in\/velarde\" target=\"_blank\" rel=\"noopener noreferrer\">Perfil de LinkedIn<\/a>. Actualmente vive en la ciudad de San Pedro Garza Garc\u00eda con su familia donde practica sus pasiones por la fotograf\u00eda y excursionismo en las monta\u00f1as locales.<\/p><p>[\/et_pb_text][\/et_pb_column][et_pb_column type=\"1_4\" _builder_version=\"4.17.3\" _module_preset=\"default\" global_colors_info=\"{}\"][et_pb_image src=\"https:\/\/www.velarde.com\/site\/wp-content\/uploads\/fernando-velarde.jpg\" alt=\"Fernando Velarde\" title_text=\"Fernando Velarde\" admin_label=\"Foto - Fernando Velarde\" _builder_version=\"4.17.3\" _module_preset=\"default\" max_width_tablet=\"85%\" max_width_phone=\"70%\" max_width_last_edited=\"on|tablet\" module_alignment=\"left\" animation_style=\"fade\" hover_enabled=\"0\" module_alignment_tablet=\"left\" module_alignment_phone=\"center\" module_alignment_last_edited=\"on|desktop\" border_radii=\"on|4px|4px|4px|4px\" global_colors_info=\"{}\" sticky_enabled=\"0\"][\/et_pb_image][\/et_pb_column][\/et_pb_row][\/et_pb_section]<\/p>","_et_gb_content_width":"","footnotes":""},"class_list":["post-1291","page","type-page","status-publish","hentry"],"_links":{"self":[{"href":"https:\/\/www.velarde.com\/en\/wp-json\/wp\/v2\/pages\/1291","targetHints":{"allow":["GET"]}}],"collection":[{"href":"https:\/\/www.velarde.com\/en\/wp-json\/wp\/v2\/pages"}],"about":[{"href":"https:\/\/www.velarde.com\/en\/wp-json\/wp\/v2\/types\/page"}],"author":[{"embeddable":true,"href":"https:\/\/www.velarde.com\/en\/wp-json\/wp\/v2\/users\/1"}],"replies":[{"embeddable":true,"href":"https:\/\/www.velarde.com\/en\/wp-json\/wp\/v2\/comments?post=1291"}],"version-history":[{"count":10,"href":"https:\/\/www.velarde.com\/en\/wp-json\/wp\/v2\/pages\/1291\/revisions"}],"predecessor-version":[{"id":2374,"href":"https:\/\/www.velarde.com\/en\/wp-json\/wp\/v2\/pages\/1291\/revisions\/2374"}],"wp:attachment":[{"href":"https:\/\/www.velarde.com\/en\/wp-json\/wp\/v2\/media?parent=1291"}],"curies":[{"name":"wp","href":"https:\/\/api.w.org\/{rel}","templated":true}]}}