{"id":1457,"date":"2022-05-06T13:47:41","date_gmt":"2022-05-06T18:47:41","guid":{"rendered":"https:\/\/www.velarde.com\/site\/?page_id=1457"},"modified":"2026-03-14T11:05:24","modified_gmt":"2026-03-14T17:05:24","slug":"contact","status":"publish","type":"page","link":"https:\/\/www.velarde.com\/en\/contact\/","title":{"rendered":"Contact me"},"content":{"rendered":"<p>[et_pb_section fb_built=&#8221;1&#8243; custom_padding_last_edited=&#8221;off|desktop&#8221; admin_label=&#8221;T\u00edtulo de la P\u00e1gina&#8221; _builder_version=&#8221;4.17.3&#8243; _module_preset=&#8221;default&#8221; background_enable_color=&#8221;off&#8221; background_image=&#8221;https:\/\/www.velarde.com\/site\/wp-content\/uploads\/virtual-back-home.jpg&#8221; module_alignment=&#8221;left&#8221; custom_margin=&#8221;0px||0px||false|false&#8221; custom_padding=&#8221;0px||0px||true|false&#8221; custom_padding_tablet=&#8221;35px||||false|false&#8221; custom_padding_phone=&#8221;15px||||false|false&#8221; global_colors_info=&#8221;{}&#8221;][et_pb_row _builder_version=&#8221;4.17.3&#8243; _module_preset=&#8221;default&#8221; custom_margin=&#8221;0px||0px||true|false&#8221; custom_padding=&#8221;0px||0px||true|false&#8221; global_colors_info=&#8221;{}&#8221;][et_pb_column type=&#8221;4_4&#8243; _builder_version=&#8221;4.17.3&#8243; _module_preset=&#8221;default&#8221; global_colors_info=&#8221;{}&#8221;][et_pb_text admin_label=&#8221;T\u00edtulo&#8221; _builder_version=&#8221;4.17.4&#8243; _module_preset=&#8221;default&#8221; header_text_align=&#8221;left&#8221; header_font_size=&#8221;28px&#8221; header_2_text_align=&#8221;left&#8221; text_orientation=&#8221;left&#8221; custom_margin=&#8221;0px||0px||false|false&#8221; custom_padding=&#8221;40px||30px||false|false&#8221; custom_padding_tablet=&#8221;30px||30px||true|false&#8221; custom_padding_phone=&#8221;30px||15px||false|false&#8221; custom_padding_last_edited=&#8221;on|phone&#8221; header_font_size_tablet=&#8221;30px&#8221; header_font_size_phone=&#8221;22px&#8221; header_font_size_last_edited=&#8221;on|desktop&#8221; locked=&#8221;off&#8221; global_colors_info=&#8221;{}&#8221;]<\/p>\n<h1>CONTACT ME<\/h1>\n<p>[\/et_pb_text][\/et_pb_column][\/et_pb_row][\/et_pb_section][et_pb_section fb_built=&#8221;1&#8243; custom_padding_last_edited=&#8221;on|phone&#8221; admin_label=&#8221;Informaci\u00f3n P\u00e1gina&#8221; _builder_version=&#8221;4.17.3&#8243; _module_preset=&#8221;default&#8221; background_enable_color=&#8221;off&#8221; module_alignment=&#8221;left&#8221; custom_margin=&#8221;0px||0px||false|false&#8221; custom_padding=&#8221;35px||0px||false|false&#8221; custom_padding_tablet=&#8221;35px||||false|false&#8221; custom_padding_phone=&#8221;15px||0px||false|false&#8221; global_colors_info=&#8221;{}&#8221;][et_pb_row _builder_version=&#8221;4.17.3&#8243; _module_preset=&#8221;default&#8221; global_colors_info=&#8221;{}&#8221;][et_pb_column type=&#8221;4_4&#8243; _builder_version=&#8221;4.17.3&#8243; _module_preset=&#8221;default&#8221; global_colors_info=&#8221;{}&#8221;][et_pb_text admin_label=&#8221;Texto &#8211; Datos de Contacto&#8221; _builder_version=&#8221;4.27.5&#8243; _module_preset=&#8221;default&#8221; header_2_text_align=&#8221;left&#8221; text_orientation=&#8221;left&#8221; global_colors_info=&#8221;{}&#8221;]<\/p>\n<h4><strong>Please contact me using your preferred method and tell me about more about your project and specific design needs.<\/strong><\/h4>\n<p><strong>Email:<\/strong> info@velarde.com<br \/><strong>Phone:<\/strong> +52 81-8356-7320<br \/><strong>Office<\/strong>: Manuel Gonz\u00e1lez #305, San Pedro Garza Garc\u00eda, NL, M\u00e9xico<\/p>\n<p>[\/et_pb_text][\/et_pb_column][\/et_pb_row][et_pb_row _builder_version=&#8221;4.17.3&#8243; _module_preset=&#8221;default&#8221; custom_margin=&#8221;||0px||false|false&#8221; custom_padding=&#8221;||20px||false|false&#8221; global_colors_info=&#8221;{}&#8221;][et_pb_column type=&#8221;4_4&#8243; _builder_version=&#8221;4.17.3&#8243; _module_preset=&#8221;default&#8221; global_colors_info=&#8221;{}&#8221;][et_pb_code admin_label=&#8221;Google Map&#8221; _builder_version=&#8221;4.17.4&#8243; _module_preset=&#8221;default&#8221; custom_padding=&#8221;||40px||false|false&#8221; global_colors_info=&#8221;{}&#8221;]<iframe src=\"https:\/\/www.google.com\/maps\/embed?pb=!1m14!1m8!1m3!1d3909807.1165375784!2d-102.05923358789984!3d27.344088465355515!3m2!1i1024!2i768!4f13.1!3m3!1m2!1s0x0%3A0xd97ae07b57bd4d7b!2sFernando%20Velarde%20-%20Dise%C3%B1o%20Web%20y%20Branding!5e0!3m2!1sen!2smx!4v1653951573805!5m2!1sen!2smx\" width=\"1150\" height=\"450\" style=\"border:0;\" allowfullscreen=\"\" loading=\"lazy\" referrerpolicy=\"no-referrer-when-downgrade\"><\/iframe>[\/et_pb_code][et_pb_code disabled_on=&#8221;on|on|on&#8221; admin_label=&#8221;C\u00f3digo &#8211; Recorrido Virtual&#8221; _builder_version=&#8221;4.19.2&#8243; _module_preset=&#8221;default&#8221; custom_padding=&#8221;||40px||false|false&#8221; disabled=&#8221;on&#8221; global_colors_info=&#8221;{}&#8221;]<script src=\"https:\/\/static.kuula.io\/embed.js\" data-kuula=\"https:\/\/www.kuula.co\/share\/collection\/7PvhW?fs=1&#038;vr=0&#038;thumbs=3&#038;hideinst=1&#038;chromeless=1&#038;logo=-1\" data-width=\"100%\" data-height=\"450px\"><\/script>[\/et_pb_code][\/et_pb_column][\/et_pb_row][\/et_pb_section]<\/p>\n","protected":false},"excerpt":{"rendered":"<p>CONTACT MEPlease contact me using your preferred method and tell me about more about your project and specific design needs. Email: info@velarde.comPhone: +52 81-8356-7320Office: Manuel Gonz\u00e1lez #305, San Pedro Garza Garc\u00eda, NL, M\u00e9xico<\/p>\n","protected":false},"author":1,"featured_media":0,"parent":0,"menu_order":0,"comment_status":"closed","ping_status":"closed","template":"","meta":{"_et_pb_use_builder":"on","_et_pb_old_content":"","_et_gb_content_width":"","footnotes":""},"class_list":["post-1457","page","type-page","status-publish","hentry"],"_links":{"self":[{"href":"https:\/\/www.velarde.com\/en\/wp-json\/wp\/v2\/pages\/1457","targetHints":{"allow":["GET"]}}],"collection":[{"href":"https:\/\/www.velarde.com\/en\/wp-json\/wp\/v2\/pages"}],"about":[{"href":"https:\/\/www.velarde.com\/en\/wp-json\/wp\/v2\/types\/page"}],"author":[{"embeddable":true,"href":"https:\/\/www.velarde.com\/en\/wp-json\/wp\/v2\/users\/1"}],"replies":[{"embeddable":true,"href":"https:\/\/www.velarde.com\/en\/wp-json\/wp\/v2\/comments?post=1457"}],"version-history":[{"count":10,"href":"https:\/\/www.velarde.com\/en\/wp-json\/wp\/v2\/pages\/1457\/revisions"}],"predecessor-version":[{"id":2349,"href":"https:\/\/www.velarde.com\/en\/wp-json\/wp\/v2\/pages\/1457\/revisions\/2349"}],"wp:attachment":[{"href":"https:\/\/www.velarde.com\/en\/wp-json\/wp\/v2\/media?parent=1457"}],"curies":[{"name":"wp","href":"https:\/\/api.w.org\/{rel}","templated":true}]}}